{"id":131,"date":"2020-03-16T09:56:11","date_gmt":"2020-03-16T12:56:11","guid":{"rendered":"http:\/\/primewebinc.local\/privacy-policies"},"modified":"2020-03-18T06:46:04","modified_gmt":"2020-03-18T09:46:04","slug":"politica-de-privacidade","status":"publish","type":"page","link":"https:\/\/new.primewebinc.com\/pt-br\/politica-de-privacidade","title":{"rendered":"Pol\u00edtica de Privacidade"},"content":{"rendered":"<h2>Pol\u00edtica de privacidade para <a href=\"http:\/\/52.55.113.189\">PrimeWeb<\/a><\/h2>\n<p>Todas as suas informa\u00e7\u00f5es pessoais recolhidas, ser\u00e3o usadas para o ajudar a tornar a sua visita no nosso site o mais produtiva e agrad\u00e1vel poss\u00edvel.<\/p>\n<p>A garantia da confidencialidade dos dados pessoais dos utilizadores do nosso site \u00e9 importante para o PrimeWeb.<\/p>\n<p>Todas as informa\u00e7\u00f5es pessoais relativas a membros, assinantes, clientes ou visitantes que usem o PrimeWeb ser\u00e3o tratadas em concord\u00e2ncia com a Lei da Prote\u00e7\u00e3o de Dados Pessoais de 26 de outubro de 1998 (Lei n.\u00ba 67\/98).<\/p>\n<p>A informa\u00e7\u00e3o pessoal recolhida pode incluir o seu nome, e-mail, n\u00famero de telefone e\/ou telem\u00f3vel, morada, data de nascimento e\/ou outros.<\/p>\n<p>O uso do PrimeWeb pressup\u00f5e a aceita\u00e7\u00e3o deste Acordo de privacidade. A equipa do PrimeWeb reserva-se ao direito de alterar este acordo sem aviso pr\u00e9vio. Deste modo, recomendamos que consulte a nossa pol\u00edtica de privacidade com regularidade de forma a estar sempre atualizado.<\/p>\n<h2>Os an\u00fancios<\/h2>\n<p>Tal como outros websites, coletamos e utilizamos informa\u00e7\u00e3o contida nos an\u00fancios. A informa\u00e7\u00e3o contida nos an\u00fancios, inclui o seu endere\u00e7o IP (Internet Protocol), o seu ISP (Internet Service Provider, como o Sapo, Clix, ou outro), o browser que utilizou ao visitar o nosso website (como o Internet Explorer ou o Firefox), o tempo da sua visita e que p\u00e1ginas visitou dentro do nosso website.<\/p>\n<h2>Os Cookies e Web Beacons<\/h2>\n<p>Utilizamos cookies para armazenar informa\u00e7\u00e3o, tais como as suas prefer\u00eancias pessoas quando visita o nosso website. Isto poder\u00e1 incluir um simples popup, ou uma liga\u00e7\u00e3o em v\u00e1rios servi\u00e7os que providenciamos, tais como f\u00f3runs.<\/p>\n<p>Em adi\u00e7\u00e3o tamb\u00e9m utilizamos publicidade de terceiros no nosso website para suportar os custos de manuten\u00e7\u00e3o. Alguns destes publicit\u00e1rios, poder\u00e3o utilizar tecnologias como os cookies e\/ou web beacons quando publicitam no nosso website, o que far\u00e1 com que esses publicit\u00e1rios (como o Google atrav\u00e9s do Google AdSense) tamb\u00e9m recebam a sua informa\u00e7\u00e3o pessoal, como o endere\u00e7o IP, o seu ISP, o seu browser, etc. Esta fun\u00e7\u00e3o \u00e9 geralmente utilizada para geotargeting (mostrar publicidade de Lisboa apenas aos leitores oriundos de Lisboa por ex.) ou apresentar publicidade direcionada a um tipo de utilizador (como mostrar publicidade de restaurante a um utilizador que visita sites de culin\u00e1ria regularmente, por ex.).<\/p>\n<p>Voc\u00ea det\u00e9m o poder de desligar os seus cookies, nas op\u00e7\u00f5es do seu browser, ou efetuando altera\u00e7\u00f5es nas ferramentas de programas Anti-Virus, como o Norton Internet Security. No entanto, isso poder\u00e1 alterar a forma como interage com o nosso website, ou outros websites. Isso poder\u00e1 afetar ou n\u00e3o permitir que fa\u00e7a logins em programas, sites ou f\u00f3runs da nossa e de outras redes.<\/p>\n<h2>Liga\u00e7\u00f5es a Sites de terceiros<\/h2>\n<p>O PrimeWeb possui liga\u00e7\u00f5es para outros sites, os quais, a nosso ver, podem conter informa\u00e7\u00f5es \/ ferramentas \u00fateis para os nossos visitantes. A nossa pol\u00edtica de privacidade n\u00e3o \u00e9 aplicada a sites de terceiros, pelo que, caso visite outro site a partir do nosso dever\u00e1 ler a politica de privacidade do mesmo.<\/p>\n<p>N\u00e3o nos responsabilizamos pela pol\u00edtica de privacidade ou conte\u00fado presente nesses mesmos sites.<\/p>\n","protected":false},"excerpt":{"rendered":"<p>Pol\u00edtica de privacidade para PrimeWeb Todas as suas informa\u00e7\u00f5es pessoais recolhidas, ser\u00e3o usadas para o ajudar a tornar a sua visita no nosso site o mais produtiva e agrad\u00e1vel poss\u00edvel. A garantia da confidencialidade dos dados pessoais dos utilizadores do nosso site \u00e9 importante para o PrimeWeb. Todas as informa\u00e7\u00f5es pessoais relativas a membros, assinantes, [&hellip;]<\/p>\n","protected":false},"author":1,"featured_media":0,"parent":0,"menu_order":0,"comment_status":"closed","ping_status":"open","template":"","meta":{"_acf_changed":false,"footnotes":""},"acf":[],"yoast_head":"<!-- This site is optimized with the Yoast SEO plugin v23.0 - https:\/\/yoast.com\/wordpress\/plugins\/seo\/ -->\n<title>Pol\u00edtica de Privacidade - PrimeWeb<\/title>\n<meta name=\"robots\" content=\"noindex, follow\" \/>\n<meta property=\"og:locale\" content=\"pt_BR\" \/>\n<meta property=\"og:type\" content=\"article\" \/>\n<meta property=\"og:title\" content=\"Pol\u00edtica de Privacidade - PrimeWeb\" \/>\n<meta property=\"og:description\" content=\"Pol\u00edtica de privacidade para PrimeWeb Todas as suas informa\u00e7\u00f5es pessoais recolhidas, ser\u00e3o usadas para o ajudar a tornar a sua visita no nosso site o mais produtiva e agrad\u00e1vel poss\u00edvel. A garantia da confidencialidade dos dados pessoais dos utilizadores do nosso site \u00e9 importante para o PrimeWeb. Todas as informa\u00e7\u00f5es pessoais relativas a membros, assinantes, [&hellip;]\" \/>\n<meta property=\"og:url\" content=\"https:\/\/new.primewebinc.com\/pt-br\/politica-de-privacidade\" \/>\n<meta property=\"og:site_name\" content=\"PrimeWeb\" \/>\n<meta property=\"article:modified_time\" content=\"2020-03-18T09:46:04+00:00\" \/>\n<meta property=\"og:image\" content=\"https:\/\/new.primewebinc.com\/wp-content\/uploads\/2020\/03\/card.png\" \/>\n\t<meta property=\"og:image:width\" content=\"1200\" \/>\n\t<meta property=\"og:image:height\" content=\"630\" \/>\n\t<meta property=\"og:image:type\" content=\"image\/png\" \/>\n<meta name=\"twitter:card\" content=\"summary_large_image\" \/>\n<meta name=\"twitter:label1\" content=\"Est. tempo de leitura\" \/>\n\t<meta name=\"twitter:data1\" content=\"3 minutos\" \/>\n<script type=\"application\/ld+json\" class=\"yoast-schema-graph\">{\"@context\":\"https:\/\/schema.org\",\"@graph\":[{\"@type\":\"WebPage\",\"@id\":\"https:\/\/new.primewebinc.com\/pt-br\/politica-de-privacidade\",\"url\":\"https:\/\/new.primewebinc.com\/pt-br\/politica-de-privacidade\",\"name\":\"Pol\u00edtica de Privacidade - PrimeWeb\",\"isPartOf\":{\"@id\":\"https:\/\/new.primewebinc.com\/#website\"},\"datePublished\":\"2020-03-16T12:56:11+00:00\",\"dateModified\":\"2020-03-18T09:46:04+00:00\",\"breadcrumb\":{\"@id\":\"https:\/\/new.primewebinc.com\/pt-br\/politica-de-privacidade#breadcrumb\"},\"inLanguage\":\"pt-BR\",\"potentialAction\":[{\"@type\":\"ReadAction\",\"target\":[\"https:\/\/new.primewebinc.com\/pt-br\/politica-de-privacidade\"]}]},{\"@type\":\"BreadcrumbList\",\"@id\":\"https:\/\/new.primewebinc.com\/pt-br\/politica-de-privacidade#breadcrumb\",\"itemListElement\":[{\"@type\":\"ListItem\",\"position\":1,\"name\":\"Home\",\"item\":\"https:\/\/new.primewebinc.com\/pt-br\"},{\"@type\":\"ListItem\",\"position\":2,\"name\":\"Pol\u00edtica de Privacidade\"}]},{\"@type\":\"WebSite\",\"@id\":\"https:\/\/new.primewebinc.com\/#website\",\"url\":\"https:\/\/new.primewebinc.com\/\",\"name\":\"PrimeWeb\",\"description\":\"Innovative and Disruptive Solutions Worldwide\",\"publisher\":{\"@id\":\"https:\/\/new.primewebinc.com\/#organization\"},\"potentialAction\":[{\"@type\":\"SearchAction\",\"target\":{\"@type\":\"EntryPoint\",\"urlTemplate\":\"https:\/\/new.primewebinc.com\/?s={search_term_string}\"},\"query-input\":\"required name=search_term_string\"}],\"inLanguage\":\"pt-BR\"},{\"@type\":\"Organization\",\"@id\":\"https:\/\/new.primewebinc.com\/#organization\",\"name\":\"PrimeWeb Inc.\",\"url\":\"https:\/\/new.primewebinc.com\/\",\"logo\":{\"@type\":\"ImageObject\",\"inLanguage\":\"pt-BR\",\"@id\":\"https:\/\/new.primewebinc.com\/#\/schema\/logo\/image\/\",\"url\":\"http:\/\/52.55.113.189\/wp-content\/uploads\/2020\/03\/card.png\",\"contentUrl\":\"http:\/\/52.55.113.189\/wp-content\/uploads\/2020\/03\/card.png\",\"width\":1200,\"height\":630,\"caption\":\"PrimeWeb Inc.\"},\"image\":{\"@id\":\"https:\/\/new.primewebinc.com\/#\/schema\/logo\/image\/\"}}]}<\/script>\n<!-- \/ Yoast SEO plugin. -->","yoast_head_json":{"title":"Pol\u00edtica de Privacidade - PrimeWeb","robots":{"index":"noindex","follow":"follow"},"og_locale":"pt_BR","og_type":"article","og_title":"Pol\u00edtica de Privacidade - PrimeWeb","og_description":"Pol\u00edtica de privacidade para PrimeWeb Todas as suas informa\u00e7\u00f5es pessoais recolhidas, ser\u00e3o usadas para o ajudar a tornar a sua visita no nosso site o mais produtiva e agrad\u00e1vel poss\u00edvel. A garantia da confidencialidade dos dados pessoais dos utilizadores do nosso site \u00e9 importante para o PrimeWeb. Todas as informa\u00e7\u00f5es pessoais relativas a membros, assinantes, [&hellip;]","og_url":"https:\/\/new.primewebinc.com\/pt-br\/politica-de-privacidade","og_site_name":"PrimeWeb","article_modified_time":"2020-03-18T09:46:04+00:00","og_image":[{"width":1200,"height":630,"url":"https:\/\/new.primewebinc.com\/wp-content\/uploads\/2020\/03\/card.png","type":"image\/png"}],"twitter_card":"summary_large_image","twitter_misc":{"Est. tempo de leitura":"3 minutos"},"schema":{"@context":"https:\/\/schema.org","@graph":[{"@type":"WebPage","@id":"https:\/\/new.primewebinc.com\/pt-br\/politica-de-privacidade","url":"https:\/\/new.primewebinc.com\/pt-br\/politica-de-privacidade","name":"Pol\u00edtica de Privacidade - PrimeWeb","isPartOf":{"@id":"https:\/\/new.primewebinc.com\/#website"},"datePublished":"2020-03-16T12:56:11+00:00","dateModified":"2020-03-18T09:46:04+00:00","breadcrumb":{"@id":"https:\/\/new.primewebinc.com\/pt-br\/politica-de-privacidade#breadcrumb"},"inLanguage":"pt-BR","potentialAction":[{"@type":"ReadAction","target":["https:\/\/new.primewebinc.com\/pt-br\/politica-de-privacidade"]}]},{"@type":"BreadcrumbList","@id":"https:\/\/new.primewebinc.com\/pt-br\/politica-de-privacidade#breadcrumb","itemListElement":[{"@type":"ListItem","position":1,"name":"Home","item":"https:\/\/new.primewebinc.com\/pt-br"},{"@type":"ListItem","position":2,"name":"Pol\u00edtica de Privacidade"}]},{"@type":"WebSite","@id":"https:\/\/new.primewebinc.com\/#website","url":"https:\/\/new.primewebinc.com\/","name":"PrimeWeb","description":"Innovative and Disruptive Solutions Worldwide","publisher":{"@id":"https:\/\/new.primewebinc.com\/#organization"},"potentialAction":[{"@type":"SearchAction","target":{"@type":"EntryPoint","urlTemplate":"https:\/\/new.primewebinc.com\/?s={search_term_string}"},"query-input":"required name=search_term_string"}],"inLanguage":"pt-BR"},{"@type":"Organization","@id":"https:\/\/new.primewebinc.com\/#organization","name":"PrimeWeb Inc.","url":"https:\/\/new.primewebinc.com\/","logo":{"@type":"ImageObject","inLanguage":"pt-BR","@id":"https:\/\/new.primewebinc.com\/#\/schema\/logo\/image\/","url":"http:\/\/52.55.113.189\/wp-content\/uploads\/2020\/03\/card.png","contentUrl":"http:\/\/52.55.113.189\/wp-content\/uploads\/2020\/03\/card.png","width":1200,"height":630,"caption":"PrimeWeb Inc."},"image":{"@id":"https:\/\/new.primewebinc.com\/#\/schema\/logo\/image\/"}}]}},"_links":{"self":[{"href":"https:\/\/new.primewebinc.com\/pt-br\/wp-json\/wp\/v2\/pages\/131"}],"collection":[{"href":"https:\/\/new.primewebinc.com\/pt-br\/wp-json\/wp\/v2\/pages"}],"about":[{"href":"https:\/\/new.primewebinc.com\/pt-br\/wp-json\/wp\/v2\/types\/page"}],"author":[{"embeddable":true,"href":"https:\/\/new.primewebinc.com\/pt-br\/wp-json\/wp\/v2\/users\/1"}],"replies":[{"embeddable":true,"href":"https:\/\/new.primewebinc.com\/pt-br\/wp-json\/wp\/v2\/comments?post=131"}],"version-history":[{"count":1,"href":"https:\/\/new.primewebinc.com\/pt-br\/wp-json\/wp\/v2\/pages\/131\/revisions"}],"predecessor-version":[{"id":132,"href":"https:\/\/new.primewebinc.com\/pt-br\/wp-json\/wp\/v2\/pages\/131\/revisions\/132"}],"wp:attachment":[{"href":"https:\/\/new.primewebinc.com\/pt-br\/wp-json\/wp\/v2\/media?parent=131"}],"curies":[{"name":"wp","href":"https:\/\/api.w.org\/{rel}","templated":true}]}}